{"id":17452,"date":"2025-02-05T04:13:09","date_gmt":"2025-02-05T02:13:09","guid":{"rendered":"https:\/\/fathyia.ro\/ingredients-in-the-spotlight\/"},"modified":"2026-01-09T15:01:32","modified_gmt":"2026-01-09T13:01:32","slug":"ingredients-in-the-spotlight","status":"publish","type":"page","link":"https:\/\/fathyia.ro\/en\/ingredients-in-the-spotlight\/","title":{"rendered":"Ingredients in the spotlight"},"content":{"rendered":"\t\t<div data-elementor-type=\"wp-page\" data-elementor-id=\"17452\" class=\"elementor elementor-17452 elementor-15236\">\n\t\t\t\t<div class=\"elementor-element elementor-element-2d6e6c34 e-con-full e-flex e-con e-parent\" data-id=\"2d6e6c34\" data-element_type=\"container\" data-settings=\"{&quot;background_background&quot;:&quot;classic&quot;}\">\n\t\t\t\t<div class=\"elementor-element elementor-element-5c42394 elementor-widget elementor-widget-text-editor\" data-id=\"5c42394\" data-element_type=\"widget\" data-widget_type=\"text-editor.default\">\n\t\t\t\t<div class=\"elementor-widget-container\">\n\t\t\t\t\t\t\t\t\t<h2 style=\"text-align: center;\"><span style=\"font-size: 36pt;\"><strong><span style=\"color: #ffffff;\"><span style=\"font-family: avenir;\">\u201cBeauty is not in the face. <\/span><\/span><\/strong><\/span><\/h2><h2 style=\"text-align: center;\"><span style=\"font-size: 36pt;\"><strong><span style=\"color: #ffffff;\"><span style=\"font-family: avenir; letter-spacing: -0.005em;\">Beauty is a light in the heart<\/span><\/span><\/strong><\/span><\/h2><h2 style=\"text-align: center;\"><span style=\"font-size: 36pt;\"><strong><span style=\"font-family: avenir; color: #ffffff;\">&#8211; KAHLIL GIBRAN<\/span><\/strong><\/span><\/h2>\t\t\t\t\t\t\t\t<\/div>\n\t\t\t\t<\/div>\n\t\t\t\t<\/div>\n\t\t<div class=\"elementor-element elementor-element-3b05e53e e-flex e-con-boxed e-con e-parent\" data-id=\"3b05e53e\" data-element_type=\"container\">\n\t\t\t\t\t<div class=\"e-con-inner\">\n\t\t<div class=\"elementor-element elementor-element-71a4a36c e-con-full e-flex e-con e-child\" data-id=\"71a4a36c\" data-element_type=\"container\">\n\t\t\t\t<div class=\"elementor-element elementor-element-64613e63 elementor-widget elementor-widget-text-editor\" data-id=\"64613e63\" data-element_type=\"widget\" data-widget_type=\"text-editor.default\">\n\t\t\t\t<div class=\"elementor-widget-container\">\n\t\t\t\t\t\t\t\t\t<p style=\"text-align: center;\"><span style=\"font-family: avenir;\"><a href=\"https:\/\/fathyia.ro\/en\/skin-care\/\"><span class=\"dia_suggestion w0\" contextmenu=\"true\">Skin<\/span> care<\/a><\/span><\/p>\t\t\t\t\t\t\t\t<\/div>\n\t\t\t\t<\/div>\n\t\t\t\t<\/div>\n\t\t<div class=\"elementor-element elementor-element-7961964 e-con-full e-flex e-con e-child\" data-id=\"7961964\" data-element_type=\"container\">\n\t\t\t\t<div class=\"elementor-element elementor-element-21ade5b3 elementor-widget elementor-widget-text-editor\" data-id=\"21ade5b3\" data-element_type=\"widget\" data-widget_type=\"text-editor.default\">\n\t\t\t\t<div class=\"elementor-widget-container\">\n\t\t\t\t\t\t\t\t\t<p style=\"text-align: center;\"><span style=\"font-family: avenir;\"><a href=\"https:\/\/fathyia.ro\/stil-de-viata-sanatos\/\">Healthy lifestyle<\/a><\/span><\/p>\t\t\t\t\t\t\t\t<\/div>\n\t\t\t\t<\/div>\n\t\t\t\t<\/div>\n\t\t<div class=\"elementor-element elementor-element-41e76feb e-con-full e-flex e-con e-child\" data-id=\"41e76feb\" data-element_type=\"container\">\n\t\t\t\t<div class=\"elementor-element elementor-element-3e16c80e elementor-widget elementor-widget-text-editor\" data-id=\"3e16c80e\" data-element_type=\"widget\" data-widget_type=\"text-editor.default\">\n\t\t\t\t<div class=\"elementor-widget-container\">\n\t\t\t\t\t\t\t\t\t<p style=\"text-align: center;\"><span style=\"font-family: avenir;\"><a href=\"https:\/\/fathyia.ro\/ingrediente-in-lumina-reflectoarelor\/\">Ingredients in the spotlight<\/a><\/span><\/p>\t\t\t\t\t\t\t\t<\/div>\n\t\t\t\t<\/div>\n\t\t\t\t<\/div>\n\t\t\t\t\t<\/div>\n\t\t\t\t<\/div>\n\t\t<div class=\"elementor-element elementor-element-161670f6 e-con-full e-flex e-con e-parent\" data-id=\"161670f6\" data-element_type=\"container\">\n\t\t\t\t<\/div>\n\t\t<div class=\"elementor-element elementor-element-760798c1 e-con-full e-flex e-con e-parent\" data-id=\"760798c1\" data-element_type=\"container\">\n\t\t\t\t<div class=\"elementor-element elementor-element-5349d9a2 elementor-widget elementor-widget-myritual_core_blog_list\" data-id=\"5349d9a2\" data-element_type=\"widget\" data-widget_type=\"myritual_core_blog_list.default\">\n\t\t\t\t<div class=\"elementor-widget-container\">\n\t\t\t\t\t<div class=\"qodef-shortcode qodef-m qodef-item-border-color-custom qodef-blog qodef--list qodef-item-layout--standard qodef-disable-excerpt--yes  qodef-grid qodef-layout--columns    qodef-col-num--3 qodef-item-layout--standard qodef-pagination--on qodef-pagination-type--load-more qodef-responsive--custom qodef-col-num--1440--3 qodef-col-num--1366--3 qodef-col-num--1024--3 qodef-col-num--768--2 qodef-col-num--680--1 qodef-col-num--480--1 qodef-swiper--show-pagination\"  data-options=\"{&quot;plugin&quot;:&quot;myritual_core&quot;,&quot;module&quot;:&quot;blog\\\/shortcodes&quot;,&quot;shortcode&quot;:&quot;blog-list&quot;,&quot;post_type&quot;:&quot;post&quot;,&quot;next_page&quot;:&quot;2&quot;,&quot;max_pages_num&quot;:1,&quot;custom_class&quot;:&quot;qodef-item-border-color-custom&quot;,&quot;behavior&quot;:&quot;columns&quot;,&quot;images_proportion&quot;:&quot;full&quot;,&quot;columns&quot;:&quot;3&quot;,&quot;columns_responsive&quot;:&quot;custom&quot;,&quot;columns_1440&quot;:&quot;3&quot;,&quot;columns_1366&quot;:&quot;3&quot;,&quot;columns_1024&quot;:&quot;3&quot;,&quot;columns_768&quot;:&quot;2&quot;,&quot;columns_680&quot;:&quot;1&quot;,&quot;columns_480&quot;:&quot;1&quot;,&quot;posts_per_page&quot;:&quot;9&quot;,&quot;orderby&quot;:&quot;date&quot;,&quot;order&quot;:&quot;DESC&quot;,&quot;additional_params&quot;:&quot;tax&quot;,&quot;tax&quot;:&quot;category&quot;,&quot;tax_slug&quot;:&quot;\\u2060Ingrediente \\u00een lumina reflectoarelor&quot;,&quot;layout&quot;:&quot;standard&quot;,&quot;title_tag&quot;:&quot;h4&quot;,&quot;disable_excerpt&quot;:&quot;yes&quot;,&quot;enable_border&quot;:&quot;no&quot;,&quot;enable_appear&quot;:&quot;no&quot;,&quot;pagination_type&quot;:&quot;load-more&quot;,&quot;pagination_top_margin&quot;:&quot;margin-top: 100px&quot;,&quot;object_class_name&quot;:&quot;MyRitualCore_Blog_List_Shortcode&quot;,&quot;taxonomy_filter&quot;:&quot;category&quot;,&quot;additional_query_args&quot;:{&quot;tax_query&quot;:[{&quot;taxonomy&quot;:&quot;category&quot;,&quot;field&quot;:&quot;slug&quot;,&quot;terms&quot;:&quot;\\u2060Ingrediente \\u00een lumina reflectoarelor&quot;}]},&quot;holder_styles&quot;:[],&quot;custom_title_styles&quot;:[],&quot;unique&quot;:&quot;1&quot;}\">\n\t\t<div class=\"qodef-grid-inner\">\n\t\t<article class=\"qodef-e qodef-blog-item qodef-grid-item qodef-item--full post-17507 post type-post status-publish format-standard has-post-thumbnail hentry category-all category-ingredients-in-the-spotlight\">\n\t<div class=\"qodef-e-inner\">\n\t\t<div class=\"qodef-e-media\">\n\t\t<div class=\"qodef-e-media-image\" >\n\t\t<a itemprop=\"url\" href=\"https:\/\/fathyia.ro\/en\/gotu-kola-a-true-elixir-for-your-skin\/\">\n\t\t\t<img fetchpriority=\"high\" decoding=\"async\" width=\"1393\" height=\"1058\" src=\"https:\/\/fathyia.ro\/wp-content\/uploads\/2025\/02\/1.-Gotu-kola-un-adevarat-elixir-pentru-pielea-ta.jpeg\" class=\"attachment-full size-full wp-post-image\" alt=\"\" srcset=\"https:\/\/fathyia.ro\/wp-content\/uploads\/2025\/02\/1.-Gotu-kola-un-adevarat-elixir-pentru-pielea-ta.jpeg 1393w, https:\/\/fathyia.ro\/wp-content\/uploads\/2025\/02\/1.-Gotu-kola-un-adevarat-elixir-pentru-pielea-ta-300x228.jpeg 300w, https:\/\/fathyia.ro\/wp-content\/uploads\/2025\/02\/1.-Gotu-kola-un-adevarat-elixir-pentru-pielea-ta-1024x778.jpeg 1024w, https:\/\/fathyia.ro\/wp-content\/uploads\/2025\/02\/1.-Gotu-kola-un-adevarat-elixir-pentru-pielea-ta-768x583.jpeg 768w, https:\/\/fathyia.ro\/wp-content\/uploads\/2025\/02\/1.-Gotu-kola-un-adevarat-elixir-pentru-pielea-ta-600x456.jpeg 600w\" sizes=\"(max-width: 1393px) 100vw, 1393px\" \/>\t\t<\/a>\n\t<\/div>\n<\/div>\n\t\t<div class=\"qodef-e-content\">\n\t\t\t<div class=\"qodef-e-top-holder\">\n\t\t\t\t<div class=\"qodef-e-info\">\n\t\t\t\t\t<a itemprop=\"dateCreated\" href=\"https:\/\/fathyia.ro\/en\/2025\/02\/\" class=\"entry-date \">\n\t10 February 2025<\/a><div class=\"qodef-info-separator-end\"><\/div>\n<a href=\"https:\/\/fathyia.ro\/en\/category\/all\/\" rel=\"tag\">All<\/a><span class=\"qodef-info-separator-single\"><\/span><a href=\"https:\/\/fathyia.ro\/en\/category\/ingredients-in-the-spotlight\/\" rel=\"tag\">Ingredients in the spotlight<\/a><div class=\"qodef-info-separator-end\"><\/div>\t\t\t\t<\/div>\n\t\t\t<\/div>\n\t\t\t<div class=\"qodef-e-text\">\n\t\t\t\t<h4 itemprop=\"name\" class=\"qodef-e-title entry-title\" >\n\t<a itemprop=\"url\" class=\"qodef-e-title-link\" href=\"https:\/\/fathyia.ro\/en\/gotu-kola-a-true-elixir-for-your-skin\/\">\n\t\tGotu kola, a true elixir for your skin!\t<\/a>\n<\/h4>\n\t\t<p itemprop=\"description\" class=\"qodef-e-excerpt\">If you&#8217;re looking for a natural, versatile, and effective ingredient to transform your skin, Gotu Kola (or Centella asiatica) is the answer! Used for centuries in traditional<\/p>\n\t\t\t\t\t<\/div>\n\t\t\t<div class=\"qodef-e-bottom-holder\">\n\t\t\t\t<div class=\"qodef-e-left\">\n\t\t\t\t\t\t<div class=\"qodef-e-read-more\">\n\t\t<a class=\"qodef-shortcode qodef-m  qodef-button qodef-layout--textual  qodef-html--link\" href=\"https:\/\/fathyia.ro\/en\/gotu-kola-a-true-elixir-for-your-skin\/\" target=\"_self\"  >\t<span class=\"qodef-m-text\">Read More<\/span>\t<span class=\"qodef-m-icon\"><svg class=\"qodef-svg--button-arrow\" xmlns=\"http:\/\/www.w3.org\/2000\/svg\" width=\"28.604\" height=\"7.124\" viewBox=\"193.75 2577.25 28.604 7.124\"><g><path d=\"M222.587 2581.146c.005-.013.01-.026.013-.04 0-.005.003-.008.004-.013.001-.01-.002-.02-.002-.031s.003-.02.002-.031c0-.004-.003-.008-.004-.012a.23.23 0 0 0-.013-.041c-.005-.014-.01-.028-.018-.04-.007-.011-.015-.02-.024-.03a.246.246 0 0 0-.032-.033c-.009-.008-.019-.012-.03-.018a.233.233 0 0 0-.047-.022c-.003-.002-.005-.004-.009-.005-.004-.002-1.963-.522-4.08-1.196-2.105-.662-4.407-1.532-4.917-2.064a.24.24 0 0 0-.34 0 .24.24 0 0 0 0 .34c.722.699 2.97 1.49 5.112 2.181.871.277 1.716.53 2.41.73H194.24a.24.24 0 1 0 0 .482h26.372c-.694.2-1.539.452-2.41.73-2.141.691-4.39 1.483-5.112 2.181a.239.239 0 0 0 0 .339.24.24 0 0 0 .34.001c.51-.533 2.812-1.402 4.918-2.064 2.116-.675 4.075-1.195 4.08-1.196l.008-.005c.017-.005.032-.013.047-.022.011-.006.021-.01.03-.018a.258.258 0 0 0 .032-.033c.009-.01.017-.019.024-.03.008-.012.013-.026.018-.04Z\"\t\t      fill=\"currentColor\" fill-rule=\"evenodd\"\/><path d=\"M222.587 2581.146c.005-.013.01-.026.013-.04 0-.005.003-.008.004-.013.001-.01-.002-.02-.002-.031s.003-.02.002-.031c0-.004-.003-.008-.004-.012a.23.23 0 0 0-.013-.041c-.005-.014-.01-.028-.018-.04-.007-.011-.015-.02-.024-.03a.246.246 0 0 0-.032-.033c-.009-.008-.019-.012-.03-.018a.233.233 0 0 0-.047-.022c-.003-.002-.005-.004-.009-.005-.004-.002-1.963-.522-4.08-1.196-2.105-.662-4.407-1.532-4.917-2.064a.24.24 0 0 0-.34 0 .24.24 0 0 0 0 .34c.722.699 2.97 1.49 5.112 2.181.871.277 1.716.53 2.41.73H194.24a.24.24 0 1 0 0 .482h26.372c-.694.2-1.539.452-2.41.73-2.141.691-4.39 1.483-5.112 2.181a.239.239 0 0 0 0 .339.24.24 0 0 0 .34.001c.51-.533 2.812-1.402 4.918-2.064 2.116-.675 4.075-1.195 4.08-1.196l.008-.005c.017-.005.032-.013.047-.022.011-.006.021-.01.03-.018a.258.258 0 0 0 .032-.033c.009-.01.017-.019.024-.03.008-.012.013-.026.018-.04Z\"\t\t      stroke-linejoin=\"round\" stroke-linecap=\"round\" stroke-width=\".5\" stroke=\"currentColor\" fill=\"transparent\"\/><\/g><\/svg><\/span><\/a>\t<\/div>\n\t\t\t\t<\/div>\n\t\t\t\t<div class=\"qodef-e-right qodef-e-info\">\n\n\t\t\t\t<\/div>\n\t\t\t<\/div>\n\t\t<\/div>\n\t<\/div>\n<\/article>\n<article class=\"qodef-e qodef-blog-item qodef-grid-item qodef-item--full post-17439 post type-post status-publish format-standard has-post-thumbnail hentry category-all category-ingredients-in-the-spotlight tag-oils tag-skin\">\n\t<div class=\"qodef-e-inner\">\n\t\t<div class=\"qodef-e-media\">\n\t\t<div class=\"qodef-e-media-image\" >\n\t\t<a itemprop=\"url\" href=\"https:\/\/fathyia.ro\/en\/copaiba-resin-the-hidden-treasure-of-the-amazon\/\">\n\t\t\t<img decoding=\"async\" width=\"1400\" height=\"1080\" src=\"https:\/\/fathyia.ro\/wp-content\/uploads\/2024\/01\/11.png\" class=\"attachment-full size-full wp-post-image\" alt=\"\" srcset=\"https:\/\/fathyia.ro\/wp-content\/uploads\/2024\/01\/11.png 1400w, https:\/\/fathyia.ro\/wp-content\/uploads\/2024\/01\/11-300x231.png 300w, https:\/\/fathyia.ro\/wp-content\/uploads\/2024\/01\/11-1024x790.png 1024w, https:\/\/fathyia.ro\/wp-content\/uploads\/2024\/01\/11-768x592.png 768w, https:\/\/fathyia.ro\/wp-content\/uploads\/2024\/01\/11-600x463.png 600w\" sizes=\"(max-width: 1400px) 100vw, 1400px\" \/>\t\t<\/a>\n\t<\/div>\n<\/div>\n\t\t<div class=\"qodef-e-content\">\n\t\t\t<div class=\"qodef-e-top-holder\">\n\t\t\t\t<div class=\"qodef-e-info\">\n\t\t\t\t\t<a itemprop=\"dateCreated\" href=\"https:\/\/fathyia.ro\/en\/2024\/01\/\" class=\"entry-date \">\n\t10 January 2024<\/a><div class=\"qodef-info-separator-end\"><\/div>\n<a href=\"https:\/\/fathyia.ro\/en\/category\/all\/\" rel=\"tag\">All<\/a><span class=\"qodef-info-separator-single\"><\/span><a href=\"https:\/\/fathyia.ro\/en\/category\/ingredients-in-the-spotlight\/\" rel=\"tag\">Ingredients in the spotlight<\/a><div class=\"qodef-info-separator-end\"><\/div>\t\t\t\t<\/div>\n\t\t\t<\/div>\n\t\t\t<div class=\"qodef-e-text\">\n\t\t\t\t<h4 itemprop=\"name\" class=\"qodef-e-title entry-title\" >\n\t<a itemprop=\"url\" class=\"qodef-e-title-link\" href=\"https:\/\/fathyia.ro\/en\/copaiba-resin-the-hidden-treasure-of-the-amazon\/\">\n\t\tCopaiba Resin, the hidden treasure of the Amazon\t<\/a>\n<\/h4>\n\t\t<p itemprop=\"description\" class=\"qodef-e-excerpt\">An ingredient with remarkable benefits, a hidden treasure, derived from the Copaifera tree, native to the Amazonian forests. With its exceptional properties, it has been making wav<\/p>\n\t\t\t\t\t<\/div>\n\t\t\t<div class=\"qodef-e-bottom-holder\">\n\t\t\t\t<div class=\"qodef-e-left\">\n\t\t\t\t\t\t<div class=\"qodef-e-read-more\">\n\t\t<a class=\"qodef-shortcode qodef-m  qodef-button qodef-layout--textual  qodef-html--link\" href=\"https:\/\/fathyia.ro\/en\/copaiba-resin-the-hidden-treasure-of-the-amazon\/\" target=\"_self\"  >\t<span class=\"qodef-m-text\">Read More<\/span>\t<span class=\"qodef-m-icon\"><svg class=\"qodef-svg--button-arrow\" xmlns=\"http:\/\/www.w3.org\/2000\/svg\" width=\"28.604\" height=\"7.124\" viewBox=\"193.75 2577.25 28.604 7.124\"><g><path d=\"M222.587 2581.146c.005-.013.01-.026.013-.04 0-.005.003-.008.004-.013.001-.01-.002-.02-.002-.031s.003-.02.002-.031c0-.004-.003-.008-.004-.012a.23.23 0 0 0-.013-.041c-.005-.014-.01-.028-.018-.04-.007-.011-.015-.02-.024-.03a.246.246 0 0 0-.032-.033c-.009-.008-.019-.012-.03-.018a.233.233 0 0 0-.047-.022c-.003-.002-.005-.004-.009-.005-.004-.002-1.963-.522-4.08-1.196-2.105-.662-4.407-1.532-4.917-2.064a.24.24 0 0 0-.34 0 .24.24 0 0 0 0 .34c.722.699 2.97 1.49 5.112 2.181.871.277 1.716.53 2.41.73H194.24a.24.24 0 1 0 0 .482h26.372c-.694.2-1.539.452-2.41.73-2.141.691-4.39 1.483-5.112 2.181a.239.239 0 0 0 0 .339.24.24 0 0 0 .34.001c.51-.533 2.812-1.402 4.918-2.064 2.116-.675 4.075-1.195 4.08-1.196l.008-.005c.017-.005.032-.013.047-.022.011-.006.021-.01.03-.018a.258.258 0 0 0 .032-.033c.009-.01.017-.019.024-.03.008-.012.013-.026.018-.04Z\"\t\t      fill=\"currentColor\" fill-rule=\"evenodd\"\/><path d=\"M222.587 2581.146c.005-.013.01-.026.013-.04 0-.005.003-.008.004-.013.001-.01-.002-.02-.002-.031s.003-.02.002-.031c0-.004-.003-.008-.004-.012a.23.23 0 0 0-.013-.041c-.005-.014-.01-.028-.018-.04-.007-.011-.015-.02-.024-.03a.246.246 0 0 0-.032-.033c-.009-.008-.019-.012-.03-.018a.233.233 0 0 0-.047-.022c-.003-.002-.005-.004-.009-.005-.004-.002-1.963-.522-4.08-1.196-2.105-.662-4.407-1.532-4.917-2.064a.24.24 0 0 0-.34 0 .24.24 0 0 0 0 .34c.722.699 2.97 1.49 5.112 2.181.871.277 1.716.53 2.41.73H194.24a.24.24 0 1 0 0 .482h26.372c-.694.2-1.539.452-2.41.73-2.141.691-4.39 1.483-5.112 2.181a.239.239 0 0 0 0 .339.24.24 0 0 0 .34.001c.51-.533 2.812-1.402 4.918-2.064 2.116-.675 4.075-1.195 4.08-1.196l.008-.005c.017-.005.032-.013.047-.022.011-.006.021-.01.03-.018a.258.258 0 0 0 .032-.033c.009-.01.017-.019.024-.03.008-.012.013-.026.018-.04Z\"\t\t      stroke-linejoin=\"round\" stroke-linecap=\"round\" stroke-width=\".5\" stroke=\"currentColor\" fill=\"transparent\"\/><\/g><\/svg><\/span><\/a>\t<\/div>\n\t\t\t\t<\/div>\n\t\t\t\t<div class=\"qodef-e-right qodef-e-info\">\n\n\t\t\t\t<\/div>\n\t\t\t<\/div>\n\t\t<\/div>\n\t<\/div>\n<\/article>\n<article class=\"qodef-e qodef-blog-item qodef-grid-item qodef-item--full post-17518 post type-post status-publish format-standard has-post-thumbnail hentry category-all category-ingredients-in-the-spotlight tag-oils tag-skin\">\n\t<div class=\"qodef-e-inner\">\n\t\t<div class=\"qodef-e-media\">\n\t\t<div class=\"qodef-e-media-image\" >\n\t\t<a itemprop=\"url\" href=\"https:\/\/fathyia.ro\/en\/bakuchiol-your-natural-retinol\/\">\n\t\t\t<img decoding=\"async\" width=\"1400\" height=\"1080\" src=\"https:\/\/fathyia.ro\/wp-content\/uploads\/2024\/01\/13.png\" class=\"attachment-full size-full wp-post-image\" alt=\"\" srcset=\"https:\/\/fathyia.ro\/wp-content\/uploads\/2024\/01\/13.png 1400w, https:\/\/fathyia.ro\/wp-content\/uploads\/2024\/01\/13-300x231.png 300w, https:\/\/fathyia.ro\/wp-content\/uploads\/2024\/01\/13-1024x790.png 1024w, https:\/\/fathyia.ro\/wp-content\/uploads\/2024\/01\/13-768x592.png 768w, https:\/\/fathyia.ro\/wp-content\/uploads\/2024\/01\/13-600x463.png 600w\" sizes=\"(max-width: 1400px) 100vw, 1400px\" \/>\t\t<\/a>\n\t<\/div>\n<\/div>\n\t\t<div class=\"qodef-e-content\">\n\t\t\t<div class=\"qodef-e-top-holder\">\n\t\t\t\t<div class=\"qodef-e-info\">\n\t\t\t\t\t<a itemprop=\"dateCreated\" href=\"https:\/\/fathyia.ro\/en\/2024\/01\/\" class=\"entry-date \">\n\t10 January 2024<\/a><div class=\"qodef-info-separator-end\"><\/div>\n<a href=\"https:\/\/fathyia.ro\/en\/category\/all\/\" rel=\"tag\">All<\/a><span class=\"qodef-info-separator-single\"><\/span><a href=\"https:\/\/fathyia.ro\/en\/category\/ingredients-in-the-spotlight\/\" rel=\"tag\">Ingredients in the spotlight<\/a><div class=\"qodef-info-separator-end\"><\/div>\t\t\t\t<\/div>\n\t\t\t<\/div>\n\t\t\t<div class=\"qodef-e-text\">\n\t\t\t\t<h4 itemprop=\"name\" class=\"qodef-e-title entry-title\" >\n\t<a itemprop=\"url\" class=\"qodef-e-title-link\" href=\"https:\/\/fathyia.ro\/en\/bakuchiol-your-natural-retinol\/\">\n\t\tBakuchiol, your natural retinol\t<\/a>\n<\/h4>\n\t\t<p itemprop=\"description\" class=\"qodef-e-excerpt\">Bakuchiol is a supercalifragilistic ingredient derived from plants (it comes from the babchi tree), which is getting a lot of attention right now, and rightly so! Bakuchiol-Psorale<\/p>\n\t\t\t\t\t<\/div>\n\t\t\t<div class=\"qodef-e-bottom-holder\">\n\t\t\t\t<div class=\"qodef-e-left\">\n\t\t\t\t\t\t<div class=\"qodef-e-read-more\">\n\t\t<a class=\"qodef-shortcode qodef-m  qodef-button qodef-layout--textual  qodef-html--link\" href=\"https:\/\/fathyia.ro\/en\/bakuchiol-your-natural-retinol\/\" target=\"_self\"  >\t<span class=\"qodef-m-text\">Read More<\/span>\t<span class=\"qodef-m-icon\"><svg class=\"qodef-svg--button-arrow\" xmlns=\"http:\/\/www.w3.org\/2000\/svg\" width=\"28.604\" height=\"7.124\" viewBox=\"193.75 2577.25 28.604 7.124\"><g><path d=\"M222.587 2581.146c.005-.013.01-.026.013-.04 0-.005.003-.008.004-.013.001-.01-.002-.02-.002-.031s.003-.02.002-.031c0-.004-.003-.008-.004-.012a.23.23 0 0 0-.013-.041c-.005-.014-.01-.028-.018-.04-.007-.011-.015-.02-.024-.03a.246.246 0 0 0-.032-.033c-.009-.008-.019-.012-.03-.018a.233.233 0 0 0-.047-.022c-.003-.002-.005-.004-.009-.005-.004-.002-1.963-.522-4.08-1.196-2.105-.662-4.407-1.532-4.917-2.064a.24.24 0 0 0-.34 0 .24.24 0 0 0 0 .34c.722.699 2.97 1.49 5.112 2.181.871.277 1.716.53 2.41.73H194.24a.24.24 0 1 0 0 .482h26.372c-.694.2-1.539.452-2.41.73-2.141.691-4.39 1.483-5.112 2.181a.239.239 0 0 0 0 .339.24.24 0 0 0 .34.001c.51-.533 2.812-1.402 4.918-2.064 2.116-.675 4.075-1.195 4.08-1.196l.008-.005c.017-.005.032-.013.047-.022.011-.006.021-.01.03-.018a.258.258 0 0 0 .032-.033c.009-.01.017-.019.024-.03.008-.012.013-.026.018-.04Z\"\t\t      fill=\"currentColor\" fill-rule=\"evenodd\"\/><path d=\"M222.587 2581.146c.005-.013.01-.026.013-.04 0-.005.003-.008.004-.013.001-.01-.002-.02-.002-.031s.003-.02.002-.031c0-.004-.003-.008-.004-.012a.23.23 0 0 0-.013-.041c-.005-.014-.01-.028-.018-.04-.007-.011-.015-.02-.024-.03a.246.246 0 0 0-.032-.033c-.009-.008-.019-.012-.03-.018a.233.233 0 0 0-.047-.022c-.003-.002-.005-.004-.009-.005-.004-.002-1.963-.522-4.08-1.196-2.105-.662-4.407-1.532-4.917-2.064a.24.24 0 0 0-.34 0 .24.24 0 0 0 0 .34c.722.699 2.97 1.49 5.112 2.181.871.277 1.716.53 2.41.73H194.24a.24.24 0 1 0 0 .482h26.372c-.694.2-1.539.452-2.41.73-2.141.691-4.39 1.483-5.112 2.181a.239.239 0 0 0 0 .339.24.24 0 0 0 .34.001c.51-.533 2.812-1.402 4.918-2.064 2.116-.675 4.075-1.195 4.08-1.196l.008-.005c.017-.005.032-.013.047-.022.011-.006.021-.01.03-.018a.258.258 0 0 0 .032-.033c.009-.01.017-.019.024-.03.008-.012.013-.026.018-.04Z\"\t\t      stroke-linejoin=\"round\" stroke-linecap=\"round\" stroke-width=\".5\" stroke=\"currentColor\" fill=\"transparent\"\/><\/g><\/svg><\/span><\/a>\t<\/div>\n\t\t\t\t<\/div>\n\t\t\t\t<div class=\"qodef-e-right qodef-e-info\">\n\n\t\t\t\t<\/div>\n\t\t\t<\/div>\n\t\t<\/div>\n\t<\/div>\n<\/article>\n\t<\/div>\n\t<\/div>\n\t\t\t\t<\/div>\n\t\t\t\t<\/div>\n\t\t\t\t<\/div>\n\t\t\t\t<\/div>\n\t\t","protected":false},"excerpt":{"rendered":"<p>\u201cBeauty is not in the face. Beauty is a light in the heart &#8211; KAHLIL GIBRAN Skin care Healthy lifestyle Ingredients in the spotlight 10 februarie 2025 \u2060\u2060Ingrediente \u00een lumina reflectoarelorToate Gotu kola, un adev\u0103rat elixir pentru pielea ta! Dac\u0103 cau\u021bi un ingredient natural, versatil \u0219i eficient, care s\u0103-\u021bi transforme pielea, Gotu Kola\u00a0(sau\u00a0Centella asiatica) este [&hellip;]<\/p>\n","protected":false},"author":6,"featured_media":0,"parent":0,"menu_order":0,"comment_status":"closed","ping_status":"closed","template":"page-full-width.php","meta":{"footnotes":""},"class_list":["post-17452","page","type-page","status-publish","hentry"],"jetpack_sharing_enabled":true,"_links":{"self":[{"href":"https:\/\/fathyia.ro\/en\/wp-json\/wp\/v2\/pages\/17452","targetHints":{"allow":["GET"]}}],"collection":[{"href":"https:\/\/fathyia.ro\/en\/wp-json\/wp\/v2\/pages"}],"about":[{"href":"https:\/\/fathyia.ro\/en\/wp-json\/wp\/v2\/types\/page"}],"author":[{"embeddable":true,"href":"https:\/\/fathyia.ro\/en\/wp-json\/wp\/v2\/users\/6"}],"replies":[{"embeddable":true,"href":"https:\/\/fathyia.ro\/en\/wp-json\/wp\/v2\/comments?post=17452"}],"version-history":[{"count":1,"href":"https:\/\/fathyia.ro\/en\/wp-json\/wp\/v2\/pages\/17452\/revisions"}],"predecessor-version":[{"id":17454,"href":"https:\/\/fathyia.ro\/en\/wp-json\/wp\/v2\/pages\/17452\/revisions\/17454"}],"wp:attachment":[{"href":"https:\/\/fathyia.ro\/en\/wp-json\/wp\/v2\/media?parent=17452"}],"curies":[{"name":"wp","href":"https:\/\/api.w.org\/{rel}","templated":true}]}}