{"id":17440,"date":"2025-02-05T03:52:14","date_gmt":"2025-02-05T01:52:14","guid":{"rendered":"https:\/\/fathyia.ro\/skin-care\/"},"modified":"2026-01-09T15:01:31","modified_gmt":"2026-01-09T13:01:31","slug":"skin-care","status":"publish","type":"page","link":"https:\/\/fathyia.ro\/en\/skin-care\/","title":{"rendered":"Skin care"},"content":{"rendered":"\t\t<div data-elementor-type=\"wp-page\" data-elementor-id=\"17440\" class=\"elementor elementor-17440 elementor-15202\">\n\t\t\t\t<div class=\"elementor-element elementor-element-3284a0 e-con-full e-flex e-con e-parent\" data-id=\"3284a0\" data-element_type=\"container\" data-settings=\"{&quot;background_background&quot;:&quot;classic&quot;}\">\n\t\t\t\t<div class=\"elementor-element elementor-element-d496e56 elementor-widget elementor-widget-text-editor\" data-id=\"d496e56\" data-element_type=\"widget\" data-widget_type=\"text-editor.default\">\n\t\t\t\t<div class=\"elementor-widget-container\">\n\t\t\t\t\t\t\t\t\t<h2 style=\"text-align: center;\"><span style=\"font-size: 36pt;\"><strong><span style=\"color: #ffffff;\"><span style=\"font-family: avenir;\">\u201cBeauty is not in the face. <\/span><\/span><\/strong><\/span><\/h2><h2 style=\"text-align: center;\"><span style=\"font-size: 36pt;\"><strong><span style=\"color: #ffffff;\"><span style=\"font-family: avenir; letter-spacing: -0.005em;\">Beauty is a light in the heart<\/span><\/span><\/strong><\/span><\/h2><h2 style=\"text-align: center;\"><span style=\"font-size: 36pt;\"><strong><span style=\"font-family: avenir; color: #ffffff;\">&#8211; KAHLIL GIBRAN<\/span><\/strong><\/span><\/h2>\t\t\t\t\t\t\t\t<\/div>\n\t\t\t\t<\/div>\n\t\t\t\t<\/div>\n\t\t<div class=\"elementor-element elementor-element-39f8c30d e-flex e-con-boxed e-con e-parent\" data-id=\"39f8c30d\" data-element_type=\"container\">\n\t\t\t\t\t<div class=\"e-con-inner\">\n\t\t<div class=\"elementor-element elementor-element-6e816abe e-con-full e-flex e-con e-child\" data-id=\"6e816abe\" data-element_type=\"container\">\n\t\t\t\t<div class=\"elementor-element elementor-element-6cb26efa elementor-widget elementor-widget-text-editor\" data-id=\"6cb26efa\" data-element_type=\"widget\" data-widget_type=\"text-editor.default\">\n\t\t\t\t<div class=\"elementor-widget-container\">\n\t\t\t\t\t\t\t\t\t<p style=\"text-align: center;\"><span style=\"font-family: avenir;\"><a href=\"https:\/\/fathyia.ro\/en\/skin-care\/\">Skin care<\/a><\/span><\/p>\t\t\t\t\t\t\t\t<\/div>\n\t\t\t\t<\/div>\n\t\t\t\t<\/div>\n\t\t<div class=\"elementor-element elementor-element-209951b0 e-con-full e-flex e-con e-child\" data-id=\"209951b0\" data-element_type=\"container\">\n\t\t\t\t<div class=\"elementor-element elementor-element-4bcd4329 elementor-widget elementor-widget-text-editor\" data-id=\"4bcd4329\" data-element_type=\"widget\" data-widget_type=\"text-editor.default\">\n\t\t\t\t<div class=\"elementor-widget-container\">\n\t\t\t\t\t\t\t\t\t<p style=\"text-align: center;\"><span style=\"font-family: avenir;\"><a href=\"https:\/\/fathyia.ro\/stil-de-viata-sanatos\/\">Healthy lifestyle<\/a><\/span><\/p>\t\t\t\t\t\t\t\t<\/div>\n\t\t\t\t<\/div>\n\t\t\t\t<\/div>\n\t\t<div class=\"elementor-element elementor-element-1538b756 e-con-full e-flex e-con e-child\" data-id=\"1538b756\" data-element_type=\"container\">\n\t\t\t\t<div class=\"elementor-element elementor-element-64d62825 elementor-widget elementor-widget-text-editor\" data-id=\"64d62825\" data-element_type=\"widget\" data-widget_type=\"text-editor.default\">\n\t\t\t\t<div class=\"elementor-widget-container\">\n\t\t\t\t\t\t\t\t\t<p style=\"text-align: center;\"><span style=\"font-family: avenir;\"><a href=\"https:\/\/fathyia.ro\/%e2%81%a0ingrediente-in-lumina-reflectoarelor\/\">Ingredients in the spotlight<\/a><\/span><\/p>\t\t\t\t\t\t\t\t<\/div>\n\t\t\t\t<\/div>\n\t\t\t\t<\/div>\n\t\t\t\t\t<\/div>\n\t\t\t\t<\/div>\n\t\t<div class=\"elementor-element elementor-element-917782e e-con-full e-flex e-con e-parent\" data-id=\"917782e\" data-element_type=\"container\">\n\t\t\t\t<\/div>\n\t\t<div class=\"elementor-element elementor-element-255dea15 e-con-full e-flex e-con e-parent\" data-id=\"255dea15\" data-element_type=\"container\">\n\t\t\t\t<div class=\"elementor-element elementor-element-74129ea8 elementor-widget elementor-widget-myritual_core_blog_list\" data-id=\"74129ea8\" data-element_type=\"widget\" data-widget_type=\"myritual_core_blog_list.default\">\n\t\t\t\t<div class=\"elementor-widget-container\">\n\t\t\t\t\t<div class=\"qodef-shortcode qodef-m qodef-item-border-color-custom qodef-blog qodef--list qodef-item-layout--standard qodef-disable-excerpt--yes  qodef-grid qodef-layout--columns    qodef-col-num--3 qodef-item-layout--standard qodef-pagination--on qodef-pagination-type--load-more qodef-responsive--custom qodef-col-num--1440--3 qodef-col-num--1366--3 qodef-col-num--1024--3 qodef-col-num--768--2 qodef-col-num--680--1 qodef-col-num--480--1 qodef-swiper--show-pagination\"  data-options=\"{&quot;plugin&quot;:&quot;myritual_core&quot;,&quot;module&quot;:&quot;blog\\\/shortcodes&quot;,&quot;shortcode&quot;:&quot;blog-list&quot;,&quot;post_type&quot;:&quot;post&quot;,&quot;next_page&quot;:&quot;2&quot;,&quot;max_pages_num&quot;:1,&quot;custom_class&quot;:&quot;qodef-item-border-color-custom&quot;,&quot;behavior&quot;:&quot;columns&quot;,&quot;images_proportion&quot;:&quot;full&quot;,&quot;columns&quot;:&quot;3&quot;,&quot;columns_responsive&quot;:&quot;custom&quot;,&quot;columns_1440&quot;:&quot;3&quot;,&quot;columns_1366&quot;:&quot;3&quot;,&quot;columns_1024&quot;:&quot;3&quot;,&quot;columns_768&quot;:&quot;2&quot;,&quot;columns_680&quot;:&quot;1&quot;,&quot;columns_480&quot;:&quot;1&quot;,&quot;posts_per_page&quot;:&quot;20&quot;,&quot;orderby&quot;:&quot;date&quot;,&quot;order&quot;:&quot;DESC&quot;,&quot;additional_params&quot;:&quot;tax&quot;,&quot;tax&quot;:&quot;category&quot;,&quot;tax_slug&quot;:&quot;ingrijirea pielii&quot;,&quot;layout&quot;:&quot;standard&quot;,&quot;title_tag&quot;:&quot;h4&quot;,&quot;disable_excerpt&quot;:&quot;yes&quot;,&quot;enable_border&quot;:&quot;no&quot;,&quot;enable_appear&quot;:&quot;no&quot;,&quot;pagination_type&quot;:&quot;load-more&quot;,&quot;pagination_top_margin&quot;:&quot;margin-top: 100px&quot;,&quot;object_class_name&quot;:&quot;MyRitualCore_Blog_List_Shortcode&quot;,&quot;taxonomy_filter&quot;:&quot;category&quot;,&quot;additional_query_args&quot;:{&quot;tax_query&quot;:[{&quot;taxonomy&quot;:&quot;category&quot;,&quot;field&quot;:&quot;slug&quot;,&quot;terms&quot;:&quot;ingrijirea pielii&quot;}]},&quot;holder_styles&quot;:[],&quot;custom_title_styles&quot;:[],&quot;unique&quot;:&quot;1&quot;}\">\n\t\t<div class=\"qodef-grid-inner\">\n\t\t<article class=\"qodef-e qodef-blog-item qodef-grid-item qodef-item--full post-17488 post type-post status-publish format-standard has-post-thumbnail hentry category-all category-skin-care\">\n\t<div class=\"qodef-e-inner\">\n\t\t<div class=\"qodef-e-media\">\n\t\t<div class=\"qodef-e-media-image\" >\n\t\t<a itemprop=\"url\" href=\"https:\/\/fathyia.ro\/en\/discover-the-secret-of-violet-glass-packaging\/\">\n\t\t\t<img fetchpriority=\"high\" decoding=\"async\" width=\"1218\" height=\"908\" src=\"https:\/\/fathyia.ro\/wp-content\/uploads\/2025\/02\/3.-Articol-Fathyia.jpg\" class=\"attachment-full size-full wp-post-image\" alt=\"\" srcset=\"https:\/\/fathyia.ro\/wp-content\/uploads\/2025\/02\/3.-Articol-Fathyia.jpg 1218w, https:\/\/fathyia.ro\/wp-content\/uploads\/2025\/02\/3.-Articol-Fathyia-300x224.jpg 300w, https:\/\/fathyia.ro\/wp-content\/uploads\/2025\/02\/3.-Articol-Fathyia-1024x763.jpg 1024w, https:\/\/fathyia.ro\/wp-content\/uploads\/2025\/02\/3.-Articol-Fathyia-768x573.jpg 768w, https:\/\/fathyia.ro\/wp-content\/uploads\/2025\/02\/3.-Articol-Fathyia-600x447.jpg 600w\" sizes=\"(max-width: 1218px) 100vw, 1218px\" \/>\t\t<\/a>\n\t<\/div>\n<\/div>\n\t\t<div class=\"qodef-e-content\">\n\t\t\t<div class=\"qodef-e-top-holder\">\n\t\t\t\t<div class=\"qodef-e-info\">\n\t\t\t\t\t<a itemprop=\"dateCreated\" href=\"https:\/\/fathyia.ro\/en\/2025\/02\/\" class=\"entry-date \">\n\t11 February 2025<\/a><div class=\"qodef-info-separator-end\"><\/div>\n<a href=\"https:\/\/fathyia.ro\/en\/category\/all\/\" rel=\"tag\">All<\/a><span class=\"qodef-info-separator-single\"><\/span><a href=\"https:\/\/fathyia.ro\/en\/category\/skin-care\/\" rel=\"tag\">Skin care<\/a><div class=\"qodef-info-separator-end\"><\/div>\t\t\t\t<\/div>\n\t\t\t<\/div>\n\t\t\t<div class=\"qodef-e-text\">\n\t\t\t\t<h4 itemprop=\"name\" class=\"qodef-e-title entry-title\" >\n\t<a itemprop=\"url\" class=\"qodef-e-title-link\" href=\"https:\/\/fathyia.ro\/en\/discover-the-secret-of-violet-glass-packaging\/\">\n\t\tDiscover the secret of violet glass packaging\t<\/a>\n<\/h4>\n\t\t<p itemprop=\"description\" class=\"qodef-e-excerpt\">Violet glass packaging is remarkable because it naturally enhances the vitality and energy of the products it contains. It maintains the potency and freshness of precious botanical<\/p>\n\t\t\t\t\t<\/div>\n\t\t\t<div class=\"qodef-e-bottom-holder\">\n\t\t\t\t<div class=\"qodef-e-left\">\n\t\t\t\t\t\t<div class=\"qodef-e-read-more\">\n\t\t<a class=\"qodef-shortcode qodef-m  qodef-button qodef-layout--textual  qodef-html--link\" href=\"https:\/\/fathyia.ro\/en\/discover-the-secret-of-violet-glass-packaging\/\" target=\"_self\"  >\t<span class=\"qodef-m-text\">Read More<\/span>\t<span class=\"qodef-m-icon\"><svg class=\"qodef-svg--button-arrow\" xmlns=\"http:\/\/www.w3.org\/2000\/svg\" width=\"28.604\" height=\"7.124\" viewBox=\"193.75 2577.25 28.604 7.124\"><g><path d=\"M222.587 2581.146c.005-.013.01-.026.013-.04 0-.005.003-.008.004-.013.001-.01-.002-.02-.002-.031s.003-.02.002-.031c0-.004-.003-.008-.004-.012a.23.23 0 0 0-.013-.041c-.005-.014-.01-.028-.018-.04-.007-.011-.015-.02-.024-.03a.246.246 0 0 0-.032-.033c-.009-.008-.019-.012-.03-.018a.233.233 0 0 0-.047-.022c-.003-.002-.005-.004-.009-.005-.004-.002-1.963-.522-4.08-1.196-2.105-.662-4.407-1.532-4.917-2.064a.24.24 0 0 0-.34 0 .24.24 0 0 0 0 .34c.722.699 2.97 1.49 5.112 2.181.871.277 1.716.53 2.41.73H194.24a.24.24 0 1 0 0 .482h26.372c-.694.2-1.539.452-2.41.73-2.141.691-4.39 1.483-5.112 2.181a.239.239 0 0 0 0 .339.24.24 0 0 0 .34.001c.51-.533 2.812-1.402 4.918-2.064 2.116-.675 4.075-1.195 4.08-1.196l.008-.005c.017-.005.032-.013.047-.022.011-.006.021-.01.03-.018a.258.258 0 0 0 .032-.033c.009-.01.017-.019.024-.03.008-.012.013-.026.018-.04Z\"\t\t      fill=\"currentColor\" fill-rule=\"evenodd\"\/><path d=\"M222.587 2581.146c.005-.013.01-.026.013-.04 0-.005.003-.008.004-.013.001-.01-.002-.02-.002-.031s.003-.02.002-.031c0-.004-.003-.008-.004-.012a.23.23 0 0 0-.013-.041c-.005-.014-.01-.028-.018-.04-.007-.011-.015-.02-.024-.03a.246.246 0 0 0-.032-.033c-.009-.008-.019-.012-.03-.018a.233.233 0 0 0-.047-.022c-.003-.002-.005-.004-.009-.005-.004-.002-1.963-.522-4.08-1.196-2.105-.662-4.407-1.532-4.917-2.064a.24.24 0 0 0-.34 0 .24.24 0 0 0 0 .34c.722.699 2.97 1.49 5.112 2.181.871.277 1.716.53 2.41.73H194.24a.24.24 0 1 0 0 .482h26.372c-.694.2-1.539.452-2.41.73-2.141.691-4.39 1.483-5.112 2.181a.239.239 0 0 0 0 .339.24.24 0 0 0 .34.001c.51-.533 2.812-1.402 4.918-2.064 2.116-.675 4.075-1.195 4.08-1.196l.008-.005c.017-.005.032-.013.047-.022.011-.006.021-.01.03-.018a.258.258 0 0 0 .032-.033c.009-.01.017-.019.024-.03.008-.012.013-.026.018-.04Z\"\t\t      stroke-linejoin=\"round\" stroke-linecap=\"round\" stroke-width=\".5\" stroke=\"currentColor\" fill=\"transparent\"\/><\/g><\/svg><\/span><\/a>\t<\/div>\n\t\t\t\t<\/div>\n\t\t\t\t<div class=\"qodef-e-right qodef-e-info\">\n\n\t\t\t\t<\/div>\n\t\t\t<\/div>\n\t\t<\/div>\n\t<\/div>\n<\/article>\n<article class=\"qodef-e qodef-blog-item qodef-grid-item qodef-item--full post-17512 post type-post status-publish format-standard has-post-thumbnail hentry category-all category-skin-care tag-decor tag-natural\">\n\t<div class=\"qodef-e-inner\">\n\t\t<div class=\"qodef-e-media\">\n\t\t<div class=\"qodef-e-media-image\" >\n\t\t<a itemprop=\"url\" href=\"https:\/\/fathyia.ro\/en\/the-most-loved-solid-shampoo\/\">\n\t\t\t<img decoding=\"async\" width=\"1600\" height=\"1170\" src=\"https:\/\/fathyia.ro\/wp-content\/uploads\/2024\/01\/WhatsApp-Image-2025-03-17-at-13.05.11.jpeg\" class=\"attachment-full size-full wp-post-image\" alt=\"\" srcset=\"https:\/\/fathyia.ro\/wp-content\/uploads\/2024\/01\/WhatsApp-Image-2025-03-17-at-13.05.11.jpeg 1600w, https:\/\/fathyia.ro\/wp-content\/uploads\/2024\/01\/WhatsApp-Image-2025-03-17-at-13.05.11-300x219.jpeg 300w, https:\/\/fathyia.ro\/wp-content\/uploads\/2024\/01\/WhatsApp-Image-2025-03-17-at-13.05.11-1024x749.jpeg 1024w, https:\/\/fathyia.ro\/wp-content\/uploads\/2024\/01\/WhatsApp-Image-2025-03-17-at-13.05.11-768x562.jpeg 768w, https:\/\/fathyia.ro\/wp-content\/uploads\/2024\/01\/WhatsApp-Image-2025-03-17-at-13.05.11-1536x1123.jpeg 1536w, https:\/\/fathyia.ro\/wp-content\/uploads\/2024\/01\/WhatsApp-Image-2025-03-17-at-13.05.11-600x439.jpeg 600w\" sizes=\"(max-width: 1600px) 100vw, 1600px\" \/>\t\t<\/a>\n\t<\/div>\n<\/div>\n\t\t<div class=\"qodef-e-content\">\n\t\t\t<div class=\"qodef-e-top-holder\">\n\t\t\t\t<div class=\"qodef-e-info\">\n\t\t\t\t\t<a itemprop=\"dateCreated\" href=\"https:\/\/fathyia.ro\/en\/2024\/01\/\" class=\"entry-date \">\n\t10 January 2024<\/a><div class=\"qodef-info-separator-end\"><\/div>\n<a href=\"https:\/\/fathyia.ro\/en\/category\/all\/\" rel=\"tag\">All<\/a><span class=\"qodef-info-separator-single\"><\/span><a href=\"https:\/\/fathyia.ro\/en\/category\/skin-care\/\" rel=\"tag\">Skin care<\/a><div class=\"qodef-info-separator-end\"><\/div>\t\t\t\t<\/div>\n\t\t\t<\/div>\n\t\t\t<div class=\"qodef-e-text\">\n\t\t\t\t<h4 itemprop=\"name\" class=\"qodef-e-title entry-title\" >\n\t<a itemprop=\"url\" class=\"qodef-e-title-link\" href=\"https:\/\/fathyia.ro\/en\/the-most-loved-solid-shampoo\/\">\n\t\tThe most loved solid shampoo\t<\/a>\n<\/h4>\n\t\t<p itemprop=\"description\" class=\"qodef-e-excerpt\">Fathyia solid shampoo is different. You&#8217;ll get hooked and won&#8217;t want to be without it. Why is it different? Well, a regular solid soap requires a completely different m<\/p>\n\t\t\t\t\t<\/div>\n\t\t\t<div class=\"qodef-e-bottom-holder\">\n\t\t\t\t<div class=\"qodef-e-left\">\n\t\t\t\t\t\t<div class=\"qodef-e-read-more\">\n\t\t<a class=\"qodef-shortcode qodef-m  qodef-button qodef-layout--textual  qodef-html--link\" href=\"https:\/\/fathyia.ro\/en\/the-most-loved-solid-shampoo\/\" target=\"_self\"  >\t<span class=\"qodef-m-text\">Read More<\/span>\t<span class=\"qodef-m-icon\"><svg class=\"qodef-svg--button-arrow\" xmlns=\"http:\/\/www.w3.org\/2000\/svg\" width=\"28.604\" height=\"7.124\" viewBox=\"193.75 2577.25 28.604 7.124\"><g><path d=\"M222.587 2581.146c.005-.013.01-.026.013-.04 0-.005.003-.008.004-.013.001-.01-.002-.02-.002-.031s.003-.02.002-.031c0-.004-.003-.008-.004-.012a.23.23 0 0 0-.013-.041c-.005-.014-.01-.028-.018-.04-.007-.011-.015-.02-.024-.03a.246.246 0 0 0-.032-.033c-.009-.008-.019-.012-.03-.018a.233.233 0 0 0-.047-.022c-.003-.002-.005-.004-.009-.005-.004-.002-1.963-.522-4.08-1.196-2.105-.662-4.407-1.532-4.917-2.064a.24.24 0 0 0-.34 0 .24.24 0 0 0 0 .34c.722.699 2.97 1.49 5.112 2.181.871.277 1.716.53 2.41.73H194.24a.24.24 0 1 0 0 .482h26.372c-.694.2-1.539.452-2.41.73-2.141.691-4.39 1.483-5.112 2.181a.239.239 0 0 0 0 .339.24.24 0 0 0 .34.001c.51-.533 2.812-1.402 4.918-2.064 2.116-.675 4.075-1.195 4.08-1.196l.008-.005c.017-.005.032-.013.047-.022.011-.006.021-.01.03-.018a.258.258 0 0 0 .032-.033c.009-.01.017-.019.024-.03.008-.012.013-.026.018-.04Z\"\t\t      fill=\"currentColor\" fill-rule=\"evenodd\"\/><path d=\"M222.587 2581.146c.005-.013.01-.026.013-.04 0-.005.003-.008.004-.013.001-.01-.002-.02-.002-.031s.003-.02.002-.031c0-.004-.003-.008-.004-.012a.23.23 0 0 0-.013-.041c-.005-.014-.01-.028-.018-.04-.007-.011-.015-.02-.024-.03a.246.246 0 0 0-.032-.033c-.009-.008-.019-.012-.03-.018a.233.233 0 0 0-.047-.022c-.003-.002-.005-.004-.009-.005-.004-.002-1.963-.522-4.08-1.196-2.105-.662-4.407-1.532-4.917-2.064a.24.24 0 0 0-.34 0 .24.24 0 0 0 0 .34c.722.699 2.97 1.49 5.112 2.181.871.277 1.716.53 2.41.73H194.24a.24.24 0 1 0 0 .482h26.372c-.694.2-1.539.452-2.41.73-2.141.691-4.39 1.483-5.112 2.181a.239.239 0 0 0 0 .339.24.24 0 0 0 .34.001c.51-.533 2.812-1.402 4.918-2.064 2.116-.675 4.075-1.195 4.08-1.196l.008-.005c.017-.005.032-.013.047-.022.011-.006.021-.01.03-.018a.258.258 0 0 0 .032-.033c.009-.01.017-.019.024-.03.008-.012.013-.026.018-.04Z\"\t\t      stroke-linejoin=\"round\" stroke-linecap=\"round\" stroke-width=\".5\" stroke=\"currentColor\" fill=\"transparent\"\/><\/g><\/svg><\/span><\/a>\t<\/div>\n\t\t\t\t<\/div>\n\t\t\t\t<div class=\"qodef-e-right qodef-e-info\">\n\n\t\t\t\t<\/div>\n\t\t\t<\/div>\n\t\t<\/div>\n\t<\/div>\n<\/article>\n\t<\/div>\n\t<\/div>\n\t\t\t\t<\/div>\n\t\t\t\t<\/div>\n\t\t\t\t<\/div>\n\t\t\t\t<\/div>\n\t\t","protected":false},"excerpt":{"rendered":"<p>\u201cBeauty is not in the face. Beauty is a light in the heart &#8211; KAHLIL GIBRAN Skin care Healthy lifestyle Ingredients in the spotlight 11 februarie 2025 Ingrijirea pieliiToate Descoper\u0103\u00a0secretul ambalajelor de sticl\u0103\u00a0violet Ambalajele de sticl\u0103 violet sunt remarcabile pentru c\u0103 \u00eembun\u0103t\u0103\u021besc \u00een mod natural vitalitatea \u0219i energia produselor ce le con\u021bin. Ele men\u021bin poten\u021ba [&hellip;]<\/p>\n","protected":false},"author":6,"featured_media":0,"parent":0,"menu_order":0,"comment_status":"closed","ping_status":"closed","template":"page-full-width.php","meta":{"footnotes":""},"class_list":["post-17440","page","type-page","status-publish","hentry"],"jetpack_sharing_enabled":true,"_links":{"self":[{"href":"https:\/\/fathyia.ro\/en\/wp-json\/wp\/v2\/pages\/17440","targetHints":{"allow":["GET"]}}],"collection":[{"href":"https:\/\/fathyia.ro\/en\/wp-json\/wp\/v2\/pages"}],"about":[{"href":"https:\/\/fathyia.ro\/en\/wp-json\/wp\/v2\/types\/page"}],"author":[{"embeddable":true,"href":"https:\/\/fathyia.ro\/en\/wp-json\/wp\/v2\/users\/6"}],"replies":[{"embeddable":true,"href":"https:\/\/fathyia.ro\/en\/wp-json\/wp\/v2\/comments?post=17440"}],"version-history":[{"count":1,"href":"https:\/\/fathyia.ro\/en\/wp-json\/wp\/v2\/pages\/17440\/revisions"}],"predecessor-version":[{"id":17442,"href":"https:\/\/fathyia.ro\/en\/wp-json\/wp\/v2\/pages\/17440\/revisions\/17442"}],"wp:attachment":[{"href":"https:\/\/fathyia.ro\/en\/wp-json\/wp\/v2\/media?parent=17440"}],"curies":[{"name":"wp","href":"https:\/\/api.w.org\/{rel}","templated":true}]}}